{"id":2898,"date":"2024-04-03T15:12:45","date_gmt":"2024-04-03T13:12:45","guid":{"rendered":"https:\/\/cms-webdesign.ch\/spendenspiegel\/?page_id=2898"},"modified":"2024-11-20T14:33:39","modified_gmt":"2024-11-20T13:33:39","slug":"impressum","status":"publish","type":"page","link":"https:\/\/spendenspiegel.ch\/en\/impressum\/","title":{"rendered":"Imprint"},"content":{"rendered":"<div data-elementor-type=\"wp-page\" data-elementor-id=\"2898\" class=\"elementor elementor-2898\" data-elementor-post-type=\"page\">\n\t\t\t\t<div data-particle_enable=\"false\" data-particle-mobile-disabled=\"false\" class=\"elementor-element elementor-element-56995a73 e-flex e-con-boxed e-con e-parent\" data-id=\"56995a73\" data-element_type=\"container\" data-e-type=\"container\">\n\t\t\t\t\t<div class=\"e-con-inner\">\n\t\t\t\t<div class=\"elementor-element elementor-element-4160366f elementor-widget elementor-widget-heading\" data-id=\"4160366f\" data-element_type=\"widget\" data-e-type=\"widget\" data-widget_type=\"heading.default\">\n\t\t\t\t<div class=\"elementor-widget-container\">\n\t\t\t\t\t<h2 class=\"elementor-heading-title elementor-size-default\">Imprint<\/h2>\t\t\t\t<\/div>\n\t\t\t\t<\/div>\n\t\t\t\t\t<\/div>\n\t\t\t\t<\/div>\n\t\t<div data-particle_enable=\"false\" data-particle-mobile-disabled=\"false\" class=\"elementor-element elementor-element-36350ed3 e-flex e-con-boxed e-con e-parent\" data-id=\"36350ed3\" data-element_type=\"container\" data-e-type=\"container\">\n\t\t\t\t\t<div class=\"e-con-inner\">\n\t\t<div data-particle_enable=\"false\" data-particle-mobile-disabled=\"false\" class=\"elementor-element elementor-element-be1d4ee e-con-full e-flex e-con e-child\" data-id=\"be1d4ee\" data-element_type=\"container\" data-e-type=\"container\">\n\t\t\t\t<div class=\"elementor-element elementor-element-3dd1378 elementor-widget elementor-widget-text-editor\" data-id=\"3dd1378\" data-element_type=\"widget\" data-e-type=\"widget\" data-widget_type=\"text-editor.default\">\n\t\t\t\t<div class=\"elementor-widget-container\">\n\t\t\t\t\t\t\t\t\t<p><strong>Publisher<\/strong><br>Pf\u00e4ndler Annoncencen + Verlags AG<br>Fraum\u00fcnsterstrasse 19, 8001 Zurich<\/p>\n<p>Postal address:<br>P.O. Box, 8024 Zurich<\/p>\n<p><a href=\"mailto:info@pfaendlerannoncen.ch\">info@pfaendlerannoncen.ch<\/a><\/p>\n<p>Tel. 044 242 62 22<br><br><\/p>\n<p><strong>Set (book edition)<\/strong><br>atelierfehr<br>Sonnenbergstrasse 11<br>8610 Uster<br><a style=\"outline: 0px; color: #df7f1c !important;\" href=\"http:\/\/www.atelierfehr.ch\/\">www.atelierfehr.ch<\/a><br><br><\/p>\n<p><strong>Print (book edition)<\/strong><br>spr\u00fcngli druck ag<br>Dorfmattenstrasse 28<br>5612 Villmergen<br><a href=\"http:\/\/www.spruenglidruck.ch\">www.spruenglidruck.ch<\/a><br><br><\/p>\n<p><strong>Database \/ data preparation for the website<\/strong><br>IRM Informatik AG<br>Dorfstrasse 52<br>8955 Oetwil a.d. Limmat<br><a href=\"http:\/\/www.irm.ch\/\">www.irm.ch<\/a><br><br><\/p>\n<p><strong>Web design<\/strong><br>Masterhomepage GmbH<br>Thiersteinerallee 17<br>4053 Basel<br><a href=\"http:\/\/www.masterhomepage.ch\">www.masterhomepage.ch<\/a><br><br><\/p>\n<p>Circulation (4,600 copies of books)<br><span style=\"font-style: inherit; font-weight: inherit; text-align: var(--text-align); background-color: var( --e-global-color-astglobalcolor4 ); color: var(--ast-global-color-2); letter-spacing: 0px;\">Order directly from the publisher<br><br><\/span><\/p>\n<p>\u00a9 2024 All rights reserved \/&nbsp;<br>ISBN 978-0-9523106-1-7<\/p>\t\t\t\t\t\t\t\t<\/div>\n\t\t\t\t<\/div>\n\t\t\t\t<\/div>\n\t\t<div data-particle_enable=\"false\" data-particle-mobile-disabled=\"false\" class=\"elementor-element elementor-element-2464e84 e-con-full e-flex e-con e-child\" data-id=\"2464e84\" data-element_type=\"container\" data-e-type=\"container\">\n\t\t\t\t<div class=\"elementor-element elementor-element-3ec549e elementor-widget elementor-widget-text-editor\" data-id=\"3ec549e\" data-element_type=\"widget\" data-e-type=\"widget\" data-widget_type=\"text-editor.default\">\n\t\t\t\t<div class=\"elementor-widget-container\">\n\t\t\t\t\t\t\t\t\t<p><strong>Links<\/strong><\/p>\n<p>ASM Agentur f\u00fcr Sozial-Marketing<br><a href=\"http:\/\/www.asm-cc.ch\">www.asm-cc.ch<\/a><br><br><\/p>\n<p>Stiftung Ehrenkodex<br><a href=\"http:\/\/www.ehrenkodex.ch\">www.ehrenkodex.ch<\/a><br><br><\/p>\n<p>Swissfundraising<br><a href=\"http:\/\/www.swissfundraising.org\">www.swissfundraising.org<\/a><br><br><\/p>\n<p>ZEWO<br><a href=\"http:\/\/www.zewo.ch\">www.zewo.ch<\/a><\/p>\t\t\t\t\t\t\t\t<\/div>\n\t\t\t\t<\/div>\n\t\t\t\t<\/div>\n\t\t\t\t\t<\/div>\n\t\t\t\t<\/div>\n\t\t\t\t<\/div>","protected":false},"excerpt":{"rendered":"<p>Impressum VerlagPf\u00e4ndler Annoncen + Verlags AGFraum\u00fcnsterstrasse 19, 8001 Z\u00fcrich Postadresse:Postfach, 8024 Z\u00fcrich info@pfaendlerannoncen.ch Tel. 044 242 62 22 Satz (Buchausgabe)atelierfehrSonnenbergstrasse [&hellip;]<\/p>\n","protected":false},"author":1,"featured_media":0,"parent":0,"menu_order":0,"comment_status":"closed","ping_status":"closed","template":"elementor_theme","meta":{"site-sidebar-layout":"no-sidebar","site-content-layout":"","ast-site-content-layout":"full-width-container","site-content-style":"default","site-sidebar-style":"default","ast-global-header-display":"","ast-banner-title-visibility":"","ast-main-header-display":"","ast-hfb-above-header-display":"","ast-hfb-below-header-display":"","ast-hfb-mobile-header-display":"","site-post-title":"disabled","ast-breadcrumbs-content":"","ast-featured-img":"disabled","footer-sml-layout":"","ast-disable-related-posts":"","theme-transparent-header-meta":"","adv-header-id-meta":"","stick-header-meta":"","header-above-stick-meta":"","header-main-stick-meta":"","header-below-stick-meta":"","astra-migrate-meta-layouts":"default","ast-page-background-enabled":"default","ast-page-background-meta":{"desktop":{"background-color":"var(--ast-global-color-4)","background-image":"","background-repeat":"repeat","background-position":"center center","background-size":"auto","background-attachment":"scroll","background-type":"","background-media":"","overlay-type":"","overlay-color":"","overlay-opacity":"","overlay-gradient":""},"tablet":{"background-color":"","background-image":"","background-repeat":"repeat","background-position":"center center","background-size":"auto","background-attachment":"scroll","background-type":"","background-media":"","overlay-type":"","overlay-color":"","overlay-opacity":"","overlay-gradient":""},"mobile":{"background-color":"","background-image":"","background-repeat":"repeat","background-position":"center center","background-size":"auto","background-attachment":"scroll","background-type":"","background-media":"","overlay-type":"","overlay-color":"","overlay-opacity":"","overlay-gradient":""}},"ast-content-background-meta":{"desktop":{"background-color":"var(--ast-global-color-5)","background-image":"","background-repeat":"repeat","background-position":"center center","background-size":"auto","background-attachment":"scroll","background-type":"","background-media":"","overlay-type":"","overlay-color":"","overlay-opacity":"","overlay-gradient":""},"tablet":{"background-color":"var(--ast-global-color-5)","background-image":"","background-repeat":"repeat","background-position":"center center","background-size":"auto","background-attachment":"scroll","background-type":"","background-media":"","overlay-type":"","overlay-color":"","overlay-opacity":"","overlay-gradient":""},"mobile":{"background-color":"var(--ast-global-color-5)","background-image":"","background-repeat":"repeat","background-position":"center center","background-size":"auto","background-attachment":"scroll","background-type":"","background-media":"","overlay-type":"","overlay-color":"","overlay-opacity":"","overlay-gradient":""}},"footnotes":""},"class_list":["post-2898","page","type-page","status-publish","hentry"],"aioseo_notices":[],"_links":{"self":[{"href":"https:\/\/spendenspiegel.ch\/en\/wp-json\/wp\/v2\/pages\/2898","targetHints":{"allow":["GET"]}}],"collection":[{"href":"https:\/\/spendenspiegel.ch\/en\/wp-json\/wp\/v2\/pages"}],"about":[{"href":"https:\/\/spendenspiegel.ch\/en\/wp-json\/wp\/v2\/types\/page"}],"author":[{"embeddable":true,"href":"https:\/\/spendenspiegel.ch\/en\/wp-json\/wp\/v2\/users\/1"}],"replies":[{"embeddable":true,"href":"https:\/\/spendenspiegel.ch\/en\/wp-json\/wp\/v2\/comments?post=2898"}],"version-history":[{"count":0,"href":"https:\/\/spendenspiegel.ch\/en\/wp-json\/wp\/v2\/pages\/2898\/revisions"}],"wp:attachment":[{"href":"https:\/\/spendenspiegel.ch\/en\/wp-json\/wp\/v2\/media?parent=2898"}],"curies":[{"name":"wp","href":"https:\/\/api.w.org\/{rel}","templated":true}]}}