{"id":2892,"date":"2024-04-03T15:07:05","date_gmt":"2024-04-03T13:07:05","guid":{"rendered":"https:\/\/cms-webdesign.ch\/spendenspiegel\/?page_id=2892"},"modified":"2026-04-14T12:37:31","modified_gmt":"2026-04-14T10:37:31","slug":"buchausgabe-bestellen","status":"publish","type":"page","link":"https:\/\/spendenspiegel.ch\/fr\/buchausgabe-bestellen\/","title":{"rendered":"Commander la version papier"},"content":{"rendered":"<div data-elementor-type=\"wp-page\" data-elementor-id=\"2892\" class=\"elementor elementor-2892\" data-elementor-post-type=\"page\">\n\t\t\t\t<div data-particle_enable=\"false\" data-particle-mobile-disabled=\"false\" class=\"elementor-element elementor-element-56995a73 e-flex e-con-boxed e-con e-parent\" data-id=\"56995a73\" data-element_type=\"container\" data-e-type=\"container\">\n\t\t\t\t\t<div class=\"e-con-inner\">\n\t\t<div data-particle_enable=\"false\" data-particle-mobile-disabled=\"false\" class=\"elementor-element elementor-element-dfc1cb2 e-flex e-con-boxed e-con e-child\" data-id=\"dfc1cb2\" data-element_type=\"container\" data-e-type=\"container\">\n\t\t\t\t\t<div class=\"e-con-inner\">\n\t\t\t\t<div class=\"elementor-element elementor-element-4160366f elementor-widget elementor-widget-heading\" data-id=\"4160366f\" data-element_type=\"widget\" data-e-type=\"widget\" data-widget_type=\"heading.default\">\n\t\t\t\t<div class=\"elementor-widget-container\">\n\t\t\t\t\t<h2 class=\"elementor-heading-title elementor-size-default\">16e \u00e9dition actuelle du livre 2025\/2026<\/h2>\t\t\t\t<\/div>\n\t\t\t\t<\/div>\n\t\t\t\t<div class=\"elementor-element elementor-element-7e871b9 elementor-widget elementor-widget-text-editor\" data-id=\"7e871b9\" data-element_type=\"widget\" data-e-type=\"widget\" data-widget_type=\"text-editor.default\">\n\t\t\t\t<div class=\"elementor-widget-container\">\n\t\t\t\t\t\t\t\t\t<p>La 16e \u00e9dition du livre 2025\/2026 du Schweizer Spenden Spiegel est malheureusement d\u00e9j\u00e0 \u00e9puis\u00e9e et n'est plus disponible \u00e0 la commande.<\/p>\t\t\t\t\t\t\t\t<\/div>\n\t\t\t\t<\/div>\n\t\t\t\t\t<\/div>\n\t\t\t\t<\/div>\n\t\t<div data-particle_enable=\"false\" data-particle-mobile-disabled=\"false\" class=\"elementor-element elementor-element-a566d18 e-con-full e-flex e-con e-child\" data-id=\"a566d18\" data-element_type=\"container\" data-e-type=\"container\">\n\t\t\t\t<div class=\"elementor-element elementor-element-9675abd elementor-widget elementor-widget-image\" data-id=\"9675abd\" data-element_type=\"widget\" data-e-type=\"widget\" data-widget_type=\"image.default\">\n\t\t\t\t<div class=\"elementor-widget-container\">\n\t\t\t\t\t\t\t\t\t\t\t\t\t\t\t<img fetchpriority=\"high\" decoding=\"async\" width=\"1706\" height=\"2560\" src=\"https:\/\/spendenspiegel.ch\/wp-content\/uploads\/2024\/03\/spendenspiegel25-26-scaled.jpg\" class=\"attachment-full size-full wp-image-1410\" alt=\"\" srcset=\"https:\/\/spendenspiegel.ch\/wp-content\/uploads\/2024\/03\/spendenspiegel25-26-scaled.jpg 1706w, https:\/\/spendenspiegel.ch\/wp-content\/uploads\/2024\/03\/spendenspiegel25-26-200x300.jpg 200w, https:\/\/spendenspiegel.ch\/wp-content\/uploads\/2024\/03\/spendenspiegel25-26-682x1024.jpg 682w, https:\/\/spendenspiegel.ch\/wp-content\/uploads\/2024\/03\/spendenspiegel25-26-768x1153.jpg 768w, https:\/\/spendenspiegel.ch\/wp-content\/uploads\/2024\/03\/spendenspiegel25-26-1023x1536.jpg 1023w, https:\/\/spendenspiegel.ch\/wp-content\/uploads\/2024\/03\/spendenspiegel25-26-1365x2048.jpg 1365w, https:\/\/spendenspiegel.ch\/wp-content\/uploads\/2024\/03\/spendenspiegel25-26-8x12.jpg 8w\" sizes=\"(max-width: 1706px) 100vw, 1706px\" \/>\t\t\t\t\t\t\t\t\t\t\t\t\t\t\t<\/div>\n\t\t\t\t<\/div>\n\t\t\t\t<\/div>\n\t\t\t\t\t<\/div>\n\t\t\t\t<\/div>\n\t\t\t\t<\/div>","protected":false},"excerpt":{"rendered":"<p>Aktuelle 16. Buchausgabe 2025\/2026 Die 16. Buchausgabe 2025\/2026 des Schweizer Spenden Spiegels ist leider bereits vergriffen und steht nicht mehr [&hellip;]<\/p>","protected":false},"author":1,"featured_media":0,"parent":0,"menu_order":0,"comment_status":"closed","ping_status":"closed","template":"elementor_theme","meta":{"site-sidebar-layout":"no-sidebar","site-content-layout":"","ast-site-content-layout":"full-width-container","site-content-style":"default","site-sidebar-style":"default","ast-global-header-display":"","ast-banner-title-visibility":"","ast-main-header-display":"","ast-hfb-above-header-display":"","ast-hfb-below-header-display":"","ast-hfb-mobile-header-display":"","site-post-title":"disabled","ast-breadcrumbs-content":"","ast-featured-img":"disabled","footer-sml-layout":"","ast-disable-related-posts":"","theme-transparent-header-meta":"default","adv-header-id-meta":"","stick-header-meta":"default","header-above-stick-meta":"","header-main-stick-meta":"","header-below-stick-meta":"","astra-migrate-meta-layouts":"set","ast-page-background-enabled":"default","ast-page-background-meta":{"desktop":{"background-color":"var(--ast-global-color-4)","background-image":"","background-repeat":"repeat","background-position":"center center","background-size":"auto","background-attachment":"scroll","background-type":"","background-media":"","overlay-type":"","overlay-color":"","overlay-opacity":"","overlay-gradient":""},"tablet":{"background-color":"","background-image":"","background-repeat":"repeat","background-position":"center center","background-size":"auto","background-attachment":"scroll","background-type":"","background-media":"","overlay-type":"","overlay-color":"","overlay-opacity":"","overlay-gradient":""},"mobile":{"background-color":"","background-image":"","background-repeat":"repeat","background-position":"center center","background-size":"auto","background-attachment":"scroll","background-type":"","background-media":"","overlay-type":"","overlay-color":"","overlay-opacity":"","overlay-gradient":""}},"ast-content-background-meta":{"desktop":{"background-color":"var(--ast-global-color-5)","background-image":"","background-repeat":"repeat","background-position":"center center","background-size":"auto","background-attachment":"scroll","background-type":"","background-media":"","overlay-type":"","overlay-color":"","overlay-opacity":"","overlay-gradient":""},"tablet":{"background-color":"var(--ast-global-color-5)","background-image":"","background-repeat":"repeat","background-position":"center center","background-size":"auto","background-attachment":"scroll","background-type":"","background-media":"","overlay-type":"","overlay-color":"","overlay-opacity":"","overlay-gradient":""},"mobile":{"background-color":"var(--ast-global-color-5)","background-image":"","background-repeat":"repeat","background-position":"center center","background-size":"auto","background-attachment":"scroll","background-type":"","background-media":"","overlay-type":"","overlay-color":"","overlay-opacity":"","overlay-gradient":""}},"footnotes":""},"class_list":["post-2892","page","type-page","status-publish","hentry"],"aioseo_notices":[],"_links":{"self":[{"href":"https:\/\/spendenspiegel.ch\/fr\/wp-json\/wp\/v2\/pages\/2892","targetHints":{"allow":["GET"]}}],"collection":[{"href":"https:\/\/spendenspiegel.ch\/fr\/wp-json\/wp\/v2\/pages"}],"about":[{"href":"https:\/\/spendenspiegel.ch\/fr\/wp-json\/wp\/v2\/types\/page"}],"author":[{"embeddable":true,"href":"https:\/\/spendenspiegel.ch\/fr\/wp-json\/wp\/v2\/users\/1"}],"replies":[{"embeddable":true,"href":"https:\/\/spendenspiegel.ch\/fr\/wp-json\/wp\/v2\/comments?post=2892"}],"version-history":[{"count":7,"href":"https:\/\/spendenspiegel.ch\/fr\/wp-json\/wp\/v2\/pages\/2892\/revisions"}],"predecessor-version":[{"id":4298,"href":"https:\/\/spendenspiegel.ch\/fr\/wp-json\/wp\/v2\/pages\/2892\/revisions\/4298"}],"wp:attachment":[{"href":"https:\/\/spendenspiegel.ch\/fr\/wp-json\/wp\/v2\/media?parent=2892"}],"curies":[{"name":"wp","href":"https:\/\/api.w.org\/{rel}","templated":true}]}}